{"id":3057,"date":"2021-02-08T19:05:37","date_gmt":"2021-02-08T18:05:37","guid":{"rendered":"https:\/\/www.corolopezizquierdo.com\/?post_type=product&#038;p=3057"},"modified":"2021-11-22T21:52:40","modified_gmt":"2021-11-22T20:52:40","slug":"reflejos-de-otono-en-pantano","status":"publish","type":"product","link":"https:\/\/www.corolopezizquierdo.com\/en\/obra\/reflejos-de-otono-en-pantano\/","title":{"rendered":"Reflejos de oto\u00f1o en pantano"},"content":{"rendered":"<p>Reflejos de oto\u00f1o en pantano 11\/11\/2017, 18:25h<\/p>\n<p>Dimensiones: 36,3&#215;55 cm<\/p>","protected":false},"excerpt":{"rendered":"<p>Reflejos de oto\u00f1o en pantano 11\/11\/2017, 18:25h Dimensiones: 36,3&#215;55 cm<\/p>","protected":false},"featured_media":385,"template":"","meta":[],"product_brand":[],"product_cat":[97],"product_tag":[135],"class_list":{"0":"post-3057","1":"product","2":"type-product","3":"status-publish","4":"has-post-thumbnail","6":"product_cat-tiempo-en-la-naturaleza","7":"product_tag-135","8":"pa_ano-93","9":"pa_periodo-tiempo-en-la-naturaleza","10":"zita-woo-hover-swap","11":"zita-woo-alignment-center","12":"zita-shadow-0","13":"zita-shadow-hover-0","14":"zita-single-product-content-left","15":"zita-single-product-tab-horizontal","17":"first","18":"instock","19":"taxable","20":"shipping-taxable","21":"product-type-simple"},"yoast_head":"<!-- This site is optimized with the Yoast SEO plugin v26.4 - https:\/\/yoast.com\/wordpress\/plugins\/seo\/ -->\n<title>Reflejos de oto\u00f1o en pantano - Coro L\u00f3pez-Izquierdo<\/title>\n<meta name=\"robots\" content=\"index, follow, max-snippet:-1, max-image-preview:large, max-video-preview:-1\" \/>\n<link rel=\"canonical\" href=\"https:\/\/www.corolopezizquierdo.com\/en\/obra\/reflejos-de-otono-en-pantano\/\" \/>\n<meta property=\"og:locale\" content=\"en_GB\" \/>\n<meta property=\"og:type\" content=\"article\" \/>\n<meta property=\"og:title\" content=\"Reflejos de oto\u00f1o en pantano - Coro L\u00f3pez-Izquierdo\" \/>\n<meta property=\"og:description\" content=\"Reflejos de oto\u00f1o en pantano 11\/11\/2017, 18:25h Dimensiones: 36,3&#215;55 cm\" \/>\n<meta property=\"og:url\" content=\"https:\/\/www.corolopezizquierdo.com\/en\/obra\/reflejos-de-otono-en-pantano\/\" \/>\n<meta property=\"og:site_name\" content=\"Coro L\u00f3pez-Izquierdo\" \/>\n<meta property=\"article:modified_time\" content=\"2021-11-22T20:52:40+00:00\" \/>\n<meta property=\"og:image\" content=\"https:\/\/www.corolopezizquierdo.com\/wp-content\/uploads\/2021\/01\/reflejos-en-la-naturaleza_1-Reflejos-de-oton\u0303o-en-pantano.-11-XI-17-18h25-mn-.-363x-55-cm.jpg\" \/>\n\t<meta property=\"og:image:width\" content=\"1230\" \/>\n\t<meta property=\"og:image:height\" content=\"800\" \/>\n\t<meta property=\"og:image:type\" content=\"image\/jpeg\" \/>\n<meta name=\"twitter:card\" content=\"summary_large_image\" \/>\n<script type=\"application\/ld+json\" class=\"yoast-schema-graph\">{\"@context\":\"https:\/\/schema.org\",\"@graph\":[{\"@type\":\"WebPage\",\"@id\":\"https:\/\/www.corolopezizquierdo.com\/obra\/reflejos-de-otono-en-pantano\/\",\"url\":\"https:\/\/www.corolopezizquierdo.com\/obra\/reflejos-de-otono-en-pantano\/\",\"name\":\"Reflejos de oto\u00f1o en pantano - Coro L\u00f3pez-Izquierdo\",\"isPartOf\":{\"@id\":\"https:\/\/www.corolopezizquierdo.com\/#website\"},\"primaryImageOfPage\":{\"@id\":\"https:\/\/www.corolopezizquierdo.com\/obra\/reflejos-de-otono-en-pantano\/#primaryimage\"},\"image\":{\"@id\":\"https:\/\/www.corolopezizquierdo.com\/obra\/reflejos-de-otono-en-pantano\/#primaryimage\"},\"thumbnailUrl\":\"https:\/\/www.corolopezizquierdo.com\/wp-content\/uploads\/2021\/01\/reflejos-en-la-naturaleza_1-Reflejos-de-oton\u0303o-en-pantano.-11-XI-17-18h25-mn-.-363x-55-cm.jpg\",\"datePublished\":\"2021-02-08T18:05:37+00:00\",\"dateModified\":\"2021-11-22T20:52:40+00:00\",\"breadcrumb\":{\"@id\":\"https:\/\/www.corolopezizquierdo.com\/obra\/reflejos-de-otono-en-pantano\/#breadcrumb\"},\"inLanguage\":\"en-GB\",\"potentialAction\":[{\"@type\":\"ReadAction\",\"target\":[\"https:\/\/www.corolopezizquierdo.com\/obra\/reflejos-de-otono-en-pantano\/\"]}]},{\"@type\":\"ImageObject\",\"inLanguage\":\"en-GB\",\"@id\":\"https:\/\/www.corolopezizquierdo.com\/obra\/reflejos-de-otono-en-pantano\/#primaryimage\",\"url\":\"https:\/\/www.corolopezizquierdo.com\/wp-content\/uploads\/2021\/01\/reflejos-en-la-naturaleza_1-Reflejos-de-oton\u0303o-en-pantano.-11-XI-17-18h25-mn-.-363x-55-cm.jpg\",\"contentUrl\":\"https:\/\/www.corolopezizquierdo.com\/wp-content\/uploads\/2021\/01\/reflejos-en-la-naturaleza_1-Reflejos-de-oton\u0303o-en-pantano.-11-XI-17-18h25-mn-.-363x-55-cm.jpg\",\"width\":1230,\"height\":800},{\"@type\":\"BreadcrumbList\",\"@id\":\"https:\/\/www.corolopezizquierdo.com\/obra\/reflejos-de-otono-en-pantano\/#breadcrumb\",\"itemListElement\":[{\"@type\":\"ListItem\",\"position\":1,\"name\":\"Portada\",\"item\":\"https:\/\/www.corolopezizquierdo.com\/\"},{\"@type\":\"ListItem\",\"position\":2,\"name\":\"Galer\u00eda online\",\"item\":\"https:\/\/www.corolopezizquierdo.com\/galeria-online\/\"},{\"@type\":\"ListItem\",\"position\":3,\"name\":\"Reflejos de oto\u00f1o en pantano\"}]},{\"@type\":\"WebSite\",\"@id\":\"https:\/\/www.corolopezizquierdo.com\/#website\",\"url\":\"https:\/\/www.corolopezizquierdo.com\/\",\"name\":\"Coro L\u00f3pez-Izquierdo\",\"description\":\"\",\"publisher\":{\"@id\":\"https:\/\/www.corolopezizquierdo.com\/#organization\"},\"potentialAction\":[{\"@type\":\"SearchAction\",\"target\":{\"@type\":\"EntryPoint\",\"urlTemplate\":\"https:\/\/www.corolopezizquierdo.com\/?s={search_term_string}\"},\"query-input\":{\"@type\":\"PropertyValueSpecification\",\"valueRequired\":true,\"valueName\":\"search_term_string\"}}],\"inLanguage\":\"en-GB\"},{\"@type\":\"Organization\",\"@id\":\"https:\/\/www.corolopezizquierdo.com\/#organization\",\"name\":\"Coro L\u00f3pez-Izquierdo\",\"url\":\"https:\/\/www.corolopezizquierdo.com\/\",\"logo\":{\"@type\":\"ImageObject\",\"inLanguage\":\"en-GB\",\"@id\":\"https:\/\/www.corolopezizquierdo.com\/#\/schema\/logo\/image\/\",\"url\":\"https:\/\/www.corolopezizquierdo.com\/wp-content\/uploads\/CORO-LoPEZ-IZQUIERDO-logo.png\",\"contentUrl\":\"https:\/\/www.corolopezizquierdo.com\/wp-content\/uploads\/CORO-LoPEZ-IZQUIERDO-logo.png\",\"width\":1920,\"height\":203,\"caption\":\"Coro L\u00f3pez-Izquierdo\"},\"image\":{\"@id\":\"https:\/\/www.corolopezizquierdo.com\/#\/schema\/logo\/image\/\"}}]}<\/script>\n<!-- \/ Yoast SEO plugin. -->","yoast_head_json":{"title":"Reflejos de oto\u00f1o en pantano - Coro L\u00f3pez-Izquierdo","robots":{"index":"index","follow":"follow","max-snippet":"max-snippet:-1","max-image-preview":"max-image-preview:large","max-video-preview":"max-video-preview:-1"},"canonical":"https:\/\/www.corolopezizquierdo.com\/en\/obra\/reflejos-de-otono-en-pantano\/","og_locale":"en_GB","og_type":"article","og_title":"Reflejos de oto\u00f1o en pantano - Coro L\u00f3pez-Izquierdo","og_description":"Reflejos de oto\u00f1o en pantano 11\/11\/2017, 18:25h Dimensiones: 36,3&#215;55 cm","og_url":"https:\/\/www.corolopezizquierdo.com\/en\/obra\/reflejos-de-otono-en-pantano\/","og_site_name":"Coro L\u00f3pez-Izquierdo","article_modified_time":"2021-11-22T20:52:40+00:00","og_image":[{"width":1230,"height":800,"url":"https:\/\/www.corolopezizquierdo.com\/wp-content\/uploads\/2021\/01\/reflejos-en-la-naturaleza_1-Reflejos-de-oton\u0303o-en-pantano.-11-XI-17-18h25-mn-.-363x-55-cm.jpg","type":"image\/jpeg"}],"twitter_card":"summary_large_image","schema":{"@context":"https:\/\/schema.org","@graph":[{"@type":"WebPage","@id":"https:\/\/www.corolopezizquierdo.com\/obra\/reflejos-de-otono-en-pantano\/","url":"https:\/\/www.corolopezizquierdo.com\/obra\/reflejos-de-otono-en-pantano\/","name":"Reflejos de oto\u00f1o en pantano - Coro L\u00f3pez-Izquierdo","isPartOf":{"@id":"https:\/\/www.corolopezizquierdo.com\/#website"},"primaryImageOfPage":{"@id":"https:\/\/www.corolopezizquierdo.com\/obra\/reflejos-de-otono-en-pantano\/#primaryimage"},"image":{"@id":"https:\/\/www.corolopezizquierdo.com\/obra\/reflejos-de-otono-en-pantano\/#primaryimage"},"thumbnailUrl":"https:\/\/www.corolopezizquierdo.com\/wp-content\/uploads\/2021\/01\/reflejos-en-la-naturaleza_1-Reflejos-de-oton\u0303o-en-pantano.-11-XI-17-18h25-mn-.-363x-55-cm.jpg","datePublished":"2021-02-08T18:05:37+00:00","dateModified":"2021-11-22T20:52:40+00:00","breadcrumb":{"@id":"https:\/\/www.corolopezizquierdo.com\/obra\/reflejos-de-otono-en-pantano\/#breadcrumb"},"inLanguage":"en-GB","potentialAction":[{"@type":"ReadAction","target":["https:\/\/www.corolopezizquierdo.com\/obra\/reflejos-de-otono-en-pantano\/"]}]},{"@type":"ImageObject","inLanguage":"en-GB","@id":"https:\/\/www.corolopezizquierdo.com\/obra\/reflejos-de-otono-en-pantano\/#primaryimage","url":"https:\/\/www.corolopezizquierdo.com\/wp-content\/uploads\/2021\/01\/reflejos-en-la-naturaleza_1-Reflejos-de-oton\u0303o-en-pantano.-11-XI-17-18h25-mn-.-363x-55-cm.jpg","contentUrl":"https:\/\/www.corolopezizquierdo.com\/wp-content\/uploads\/2021\/01\/reflejos-en-la-naturaleza_1-Reflejos-de-oton\u0303o-en-pantano.-11-XI-17-18h25-mn-.-363x-55-cm.jpg","width":1230,"height":800},{"@type":"BreadcrumbList","@id":"https:\/\/www.corolopezizquierdo.com\/obra\/reflejos-de-otono-en-pantano\/#breadcrumb","itemListElement":[{"@type":"ListItem","position":1,"name":"Portada","item":"https:\/\/www.corolopezizquierdo.com\/"},{"@type":"ListItem","position":2,"name":"Galer\u00eda online","item":"https:\/\/www.corolopezizquierdo.com\/galeria-online\/"},{"@type":"ListItem","position":3,"name":"Reflejos de oto\u00f1o en pantano"}]},{"@type":"WebSite","@id":"https:\/\/www.corolopezizquierdo.com\/#website","url":"https:\/\/www.corolopezizquierdo.com\/","name":"Coro L\u00f3pez-Izquierdo","description":"","publisher":{"@id":"https:\/\/www.corolopezizquierdo.com\/#organization"},"potentialAction":[{"@type":"SearchAction","target":{"@type":"EntryPoint","urlTemplate":"https:\/\/www.corolopezizquierdo.com\/?s={search_term_string}"},"query-input":{"@type":"PropertyValueSpecification","valueRequired":true,"valueName":"search_term_string"}}],"inLanguage":"en-GB"},{"@type":"Organization","@id":"https:\/\/www.corolopezizquierdo.com\/#organization","name":"Coro L\u00f3pez-Izquierdo","url":"https:\/\/www.corolopezizquierdo.com\/","logo":{"@type":"ImageObject","inLanguage":"en-GB","@id":"https:\/\/www.corolopezizquierdo.com\/#\/schema\/logo\/image\/","url":"https:\/\/www.corolopezizquierdo.com\/wp-content\/uploads\/CORO-LoPEZ-IZQUIERDO-logo.png","contentUrl":"https:\/\/www.corolopezizquierdo.com\/wp-content\/uploads\/CORO-LoPEZ-IZQUIERDO-logo.png","width":1920,"height":203,"caption":"Coro L\u00f3pez-Izquierdo"},"image":{"@id":"https:\/\/www.corolopezizquierdo.com\/#\/schema\/logo\/image\/"}}]}},"_links":{"self":[{"href":"https:\/\/www.corolopezizquierdo.com\/en\/wp-json\/wp\/v2\/product\/3057","targetHints":{"allow":["GET"]}}],"collection":[{"href":"https:\/\/www.corolopezizquierdo.com\/en\/wp-json\/wp\/v2\/product"}],"about":[{"href":"https:\/\/www.corolopezizquierdo.com\/en\/wp-json\/wp\/v2\/types\/product"}],"wp:featuredmedia":[{"embeddable":true,"href":"https:\/\/www.corolopezizquierdo.com\/en\/wp-json\/wp\/v2\/media\/385"}],"wp:attachment":[{"href":"https:\/\/www.corolopezizquierdo.com\/en\/wp-json\/wp\/v2\/media?parent=3057"}],"wp:term":[{"taxonomy":"product_brand","embeddable":true,"href":"https:\/\/www.corolopezizquierdo.com\/en\/wp-json\/wp\/v2\/product_brand?post=3057"},{"taxonomy":"product_cat","embeddable":true,"href":"https:\/\/www.corolopezizquierdo.com\/en\/wp-json\/wp\/v2\/product_cat?post=3057"},{"taxonomy":"product_tag","embeddable":true,"href":"https:\/\/www.corolopezizquierdo.com\/en\/wp-json\/wp\/v2\/product_tag?post=3057"}],"curies":[{"name":"wp","href":"https:\/\/api.w.org\/{rel}","templated":true}]}}